{"id":24833,"date":"2024-05-03T19:37:29","date_gmt":"2024-05-04T02:37:29","guid":{"rendered":"https:\/\/liincstudy.org\/elegibilidad\/"},"modified":"2024-09-04T09:37:16","modified_gmt":"2024-09-04T16:37:16","slug":"elegibilidad","status":"publish","type":"page","link":"https:\/\/liincstudy.org\/es\/elegibilidad\/","title":{"rendered":"Elegibilidad"},"content":{"rendered":"\t\t<div data-elementor-type=\"wp-page\" data-elementor-id=\"24833\" class=\"elementor elementor-24833 elementor-24374\">\n\t\t\t\t<div class=\"elementor-element elementor-element-ffafad2 e-con-full e-flex e-con e-parent\" data-id=\"ffafad2\" data-element_type=\"container\" data-e-type=\"container\" data-settings=\"{&quot;background_background&quot;:&quot;classic&quot;}\">\n\t\t<div class=\"elementor-element elementor-element-afd1576 e-con-full e-flex e-con e-child\" data-id=\"afd1576\" data-element_type=\"container\" data-e-type=\"container\">\n\t\t<div class=\"elementor-element elementor-element-fd5d935 e-con-full e-flex e-con e-child\" data-id=\"fd5d935\" data-element_type=\"container\" data-e-type=\"container\" data-settings=\"{&quot;background_background&quot;:&quot;classic&quot;}\">\n\t\t<div class=\"elementor-element elementor-element-7f6dca5 e-con-full hero-section e-flex e-con e-child\" data-id=\"7f6dca5\" data-element_type=\"container\" data-e-type=\"container\" data-settings=\"{&quot;background_background&quot;:&quot;classic&quot;}\">\n\t\t\t\t<div class=\"elementor-element elementor-element-e6bc46c animated-fast elementor-invisible elementor-widget elementor-widget-elementskit-heading\" data-id=\"e6bc46c\" data-element_type=\"widget\" data-e-type=\"widget\" data-settings=\"{&quot;_animation&quot;:&quot;fadeIn&quot;,&quot;_animation_delay&quot;:100,&quot;ekit_we_effect_on&quot;:&quot;none&quot;}\" data-widget_type=\"elementskit-heading.default\">\n\t\t\t\t<div class=\"elementor-widget-container\">\n\t\t\t\t\t<div class=\"ekit-wid-con\" ><div class=\"ekit-heading elementskit-section-title-wraper text_left   ekit_heading_tablet-   ekit_heading_mobile-\"><h6 class=\"elementskit-section-subtitle   ekit-heading__subtitle-has-border\">\n\t\t\t\t\t\tCriterios de admisibilidad\n\t\t\t\t\t<\/h6><h2 class=\"ekit-heading--title elementskit-section-title \"><span><span>\u00bfCumplo los requisitos<\/span><\/span> para participar en el estudio?<\/h2>\t\t\t\t<div class='ekit-heading__description'>\n\t\t\t\t\t<p>Para poder participar en el estudio, debes cumplir los siguientes criterios:<\/p>\n<ol>\n<li>Tienes al menos 18 a\u00f1os.<\/li>\n<li>Has tenido al menos una infecci\u00f3n confirmada de SRAS-CoV-2 o una infecci\u00f3n sospechosa seg\u00fan los criterios de la Organizaci\u00f3n Mundial de la Salud.<\/li>\n<li>Podr\u00e1s asistir en persona a las visitas del estudio 2-3 veces al a\u00f1o en nuestro centro de investigaci\u00f3n del campus del Hospital General Zuckerberg de San Francisco.<\/li>\n<\/ol>\n\t\t\t\t<\/div>\n\t\t\t<\/div><\/div>\t\t\t\t<\/div>\n\t\t\t\t<\/div>\n\t\t<div class=\"elementor-element elementor-element-4cb0a1a e-con-full e-flex e-con e-child\" data-id=\"4cb0a1a\" data-element_type=\"container\" data-e-type=\"container\">\n\t\t\t\t<div class=\"elementor-element elementor-element-cd1484c elementor-align-left animated-fast elementor-invisible elementor-widget elementor-widget-elementskit-button\" data-id=\"cd1484c\" data-element_type=\"widget\" data-e-type=\"widget\" data-settings=\"{&quot;_animation&quot;:&quot;pulse&quot;,&quot;_animation_delay&quot;:200,&quot;ekit_we_effect_on&quot;:&quot;none&quot;}\" data-widget_type=\"elementskit-button.default\">\n\t\t\t\t<div class=\"elementor-widget-container\">\n\t\t\t\t\t<div class=\"ekit-wid-con\" >\t\t<div class=\"ekit-btn-wraper\">\n\t\t\t\t\t\t\t<a href=\"https:\/\/liincstudy.org\/es\/informacion-del-estudio\/\" class=\"elementskit-btn  whitespace--normal\" id=\"\">\n\t\t\t\t\tInformaci\u00f3n del estudio\t\t\t\t<\/a>\n\t\t\t\t\t<\/div>\n        <\/div>\t\t\t\t<\/div>\n\t\t\t\t<\/div>\n\t\t\t\t<div class=\"elementor-element elementor-element-17c8432 elementor-align-left animated-fast elementor-invisible elementor-widget elementor-widget-elementskit-button\" data-id=\"17c8432\" data-element_type=\"widget\" data-e-type=\"widget\" data-settings=\"{&quot;_animation&quot;:&quot;fadeIn&quot;,&quot;_animation_delay&quot;:200,&quot;ekit_we_effect_on&quot;:&quot;none&quot;}\" data-widget_type=\"elementskit-button.default\">\n\t\t\t\t<div class=\"elementor-widget-container\">\n\t\t\t\t\t<div class=\"ekit-wid-con\" >\t\t<div class=\"ekit-btn-wraper\">\n\t\t\t\t\t\t\t<a href=\"https:\/\/liincstudy.org\/es\/unete-al-estudio\/\" class=\"elementskit-btn  whitespace--normal\" id=\"\">\n\t\t\t\t\t\u00danete al Estudio<i class=\"icon icon-right-arrow\"><\/i>\t\t\t\t<\/a>\n\t\t\t\t\t<\/div>\n        <\/div>\t\t\t\t<\/div>\n\t\t\t\t<\/div>\n\t\t\t\t<\/div>\n\t\t\t\t<\/div>\n\t\t\t\t<\/div>\n\t\t\t\t<\/div>\n\t\t<div class=\"elementor-element elementor-element-8db910a e-con-full e-flex e-con e-child\" data-id=\"8db910a\" data-element_type=\"container\" data-e-type=\"container\" data-settings=\"{&quot;background_background&quot;:&quot;classic&quot;}\">\n\t\t\t\t<div class=\"elementor-element elementor-element-a54e067 elementor-widget elementor-widget-spacer\" data-id=\"a54e067\" data-element_type=\"widget\" data-e-type=\"widget\" data-settings=\"{&quot;ekit_we_effect_on&quot;:&quot;none&quot;}\" data-widget_type=\"spacer.default\">\n\t\t\t\t<div class=\"elementor-widget-container\">\n\t\t\t\t\t\t\t<div class=\"elementor-spacer\">\n\t\t\t<div class=\"elementor-spacer-inner\"><\/div>\n\t\t<\/div>\n\t\t\t\t\t\t<\/div>\n\t\t\t\t<\/div>\n\t\t\t\t<\/div>\n\t\t\t\t<\/div>\n\t\t\t\t<\/div>\n\t\t","protected":false},"excerpt":{"rendered":"<p>Criterios de admisibilidad \u00bfCumplo los requisitos para participar en el estudio? Para poder participar en el estudio, debes cumplir los siguientes criterios: Tienes al menos 18 a\u00f1os. Has tenido al menos una infecci\u00f3n confirmada de SRAS-CoV-2 o una infecci\u00f3n sospechosa seg\u00fan los criterios de la Organizaci\u00f3n Mundial de la Salud. Podr\u00e1s asistir en persona a [&hellip;]<\/p>\n","protected":false},"author":2,"featured_media":0,"parent":0,"menu_order":0,"comment_status":"closed","ping_status":"closed","template":"","meta":{"_acf_changed":false,"footnotes":""},"class_list":["post-24833","page","type-page","status-publish"],"acf":[],"yoast_head":"<!-- This site is optimized with the Yoast SEO plugin v27.5 - https:\/\/yoast.com\/product\/yoast-seo-wordpress\/ -->\n<title>Elegibilidad - LIINC<\/title>\n<meta name=\"description\" content=\"Criterios de admisibilidad \u00bfCumplo los requisitos para participar en el estudio? Para poder participar en el estudio, debes cumplir los siguientes\" \/>\n<meta name=\"robots\" content=\"index, follow, max-snippet:-1, max-image-preview:large, max-video-preview:-1\" \/>\n<link rel=\"canonical\" href=\"https:\/\/liincstudy.org\/es\/elegibilidad\/\" \/>\n<meta property=\"og:locale\" content=\"es_ES\" \/>\n<meta property=\"og:type\" content=\"article\" \/>\n<meta property=\"og:title\" content=\"Elegibilidad - LIINC\" \/>\n<meta property=\"og:description\" content=\"Criterios de admisibilidad \u00bfCumplo los requisitos para participar en el estudio? Para poder participar en el estudio, debes cumplir los siguientes\" \/>\n<meta property=\"og:url\" content=\"https:\/\/liincstudy.org\/es\/elegibilidad\/\" \/>\n<meta property=\"og:site_name\" content=\"LIINC\" \/>\n<meta property=\"article:modified_time\" content=\"2024-09-04T16:37:16+00:00\" \/>\n<meta property=\"og:image\" content=\"https:\/\/liincstudy.org\/wp-content\/uploads\/2024\/05\/UCSF-tests-people-in-San-Francisco-for-covid-19.jpg\" \/>\n\t<meta property=\"og:image:width\" content=\"1320\" \/>\n\t<meta property=\"og:image:height\" content=\"880\" \/>\n\t<meta property=\"og:image:type\" content=\"image\/jpeg\" \/>\n<meta name=\"twitter:card\" content=\"summary_large_image\" \/>\n<script type=\"application\/ld+json\" class=\"yoast-schema-graph\">{\"@context\":\"https:\\\/\\\/schema.org\",\"@graph\":[{\"@type\":\"WebPage\",\"@id\":\"https:\\\/\\\/liincstudy.org\\\/es\\\/elegibilidad\\\/\",\"url\":\"https:\\\/\\\/liincstudy.org\\\/es\\\/elegibilidad\\\/\",\"name\":\"Elegibilidad - LIINC\",\"isPartOf\":{\"@id\":\"https:\\\/\\\/liincstudy.org\\\/es\\\/#website\"},\"datePublished\":\"2024-05-04T02:37:29+00:00\",\"dateModified\":\"2024-09-04T16:37:16+00:00\",\"description\":\"Criterios de admisibilidad \u00bfCumplo los requisitos para participar en el estudio? Para poder participar en el estudio, debes cumplir los siguientes\",\"breadcrumb\":{\"@id\":\"https:\\\/\\\/liincstudy.org\\\/es\\\/elegibilidad\\\/#breadcrumb\"},\"inLanguage\":\"es\",\"potentialAction\":[{\"@type\":\"ReadAction\",\"target\":[\"https:\\\/\\\/liincstudy.org\\\/es\\\/elegibilidad\\\/\"]}]},{\"@type\":\"BreadcrumbList\",\"@id\":\"https:\\\/\\\/liincstudy.org\\\/es\\\/elegibilidad\\\/#breadcrumb\",\"itemListElement\":[{\"@type\":\"ListItem\",\"position\":1,\"name\":\"Home\",\"item\":\"https:\\\/\\\/liincstudy.org\\\/es\\\/\"},{\"@type\":\"ListItem\",\"position\":2,\"name\":\"Elegibilidad\"}]},{\"@type\":\"WebSite\",\"@id\":\"https:\\\/\\\/liincstudy.org\\\/es\\\/#website\",\"url\":\"https:\\\/\\\/liincstudy.org\\\/es\\\/\",\"name\":\"Long-term Impact of Infection with Novel Coronavirus\",\"description\":\"Long-term Impact of Infection with Novel Coronavirus\",\"publisher\":{\"@id\":\"https:\\\/\\\/liincstudy.org\\\/es\\\/#organization\"},\"alternateName\":\"LIINC\",\"potentialAction\":[{\"@type\":\"SearchAction\",\"target\":{\"@type\":\"EntryPoint\",\"urlTemplate\":\"https:\\\/\\\/liincstudy.org\\\/es\\\/?s={search_term_string}\"},\"query-input\":{\"@type\":\"PropertyValueSpecification\",\"valueRequired\":true,\"valueName\":\"search_term_string\"}}],\"inLanguage\":\"es\"},{\"@type\":\"Organization\",\"@id\":\"https:\\\/\\\/liincstudy.org\\\/es\\\/#organization\",\"name\":\"Long-term Impact of Infection with Novel Coronavirus\",\"alternateName\":\"LIINC\",\"url\":\"https:\\\/\\\/liincstudy.org\\\/es\\\/\",\"logo\":{\"@type\":\"ImageObject\",\"inLanguage\":\"es\",\"@id\":\"https:\\\/\\\/liincstudy.org\\\/es\\\/#\\\/schema\\\/logo\\\/image\\\/\",\"url\":\"https:\\\/\\\/liincstudy.org\\\/wp-content\\\/uploads\\\/2023\\\/11\\\/liinc-logo-stacked.svg\",\"contentUrl\":\"https:\\\/\\\/liincstudy.org\\\/wp-content\\\/uploads\\\/2023\\\/11\\\/liinc-logo-stacked.svg\",\"width\":129,\"height\":141,\"caption\":\"Long-term Impact of Infection with Novel Coronavirus\"},\"image\":{\"@id\":\"https:\\\/\\\/liincstudy.org\\\/es\\\/#\\\/schema\\\/logo\\\/image\\\/\"}}]}<\/script>\n<!-- \/ Yoast SEO plugin. -->","yoast_head_json":{"title":"Elegibilidad - LIINC","description":"Criterios de admisibilidad \u00bfCumplo los requisitos para participar en el estudio? Para poder participar en el estudio, debes cumplir los siguientes","robots":{"index":"index","follow":"follow","max-snippet":"max-snippet:-1","max-image-preview":"max-image-preview:large","max-video-preview":"max-video-preview:-1"},"canonical":"https:\/\/liincstudy.org\/es\/elegibilidad\/","og_locale":"es_ES","og_type":"article","og_title":"Elegibilidad - LIINC","og_description":"Criterios de admisibilidad \u00bfCumplo los requisitos para participar en el estudio? Para poder participar en el estudio, debes cumplir los siguientes","og_url":"https:\/\/liincstudy.org\/es\/elegibilidad\/","og_site_name":"LIINC","article_modified_time":"2024-09-04T16:37:16+00:00","og_image":[{"width":1320,"height":880,"url":"https:\/\/liincstudy.org\/wp-content\/uploads\/2024\/05\/UCSF-tests-people-in-San-Francisco-for-covid-19.jpg","type":"image\/jpeg"}],"twitter_card":"summary_large_image","schema":{"@context":"https:\/\/schema.org","@graph":[{"@type":"WebPage","@id":"https:\/\/liincstudy.org\/es\/elegibilidad\/","url":"https:\/\/liincstudy.org\/es\/elegibilidad\/","name":"Elegibilidad - LIINC","isPartOf":{"@id":"https:\/\/liincstudy.org\/es\/#website"},"datePublished":"2024-05-04T02:37:29+00:00","dateModified":"2024-09-04T16:37:16+00:00","description":"Criterios de admisibilidad \u00bfCumplo los requisitos para participar en el estudio? Para poder participar en el estudio, debes cumplir los siguientes","breadcrumb":{"@id":"https:\/\/liincstudy.org\/es\/elegibilidad\/#breadcrumb"},"inLanguage":"es","potentialAction":[{"@type":"ReadAction","target":["https:\/\/liincstudy.org\/es\/elegibilidad\/"]}]},{"@type":"BreadcrumbList","@id":"https:\/\/liincstudy.org\/es\/elegibilidad\/#breadcrumb","itemListElement":[{"@type":"ListItem","position":1,"name":"Home","item":"https:\/\/liincstudy.org\/es\/"},{"@type":"ListItem","position":2,"name":"Elegibilidad"}]},{"@type":"WebSite","@id":"https:\/\/liincstudy.org\/es\/#website","url":"https:\/\/liincstudy.org\/es\/","name":"Long-term Impact of Infection with Novel Coronavirus","description":"Long-term Impact of Infection with Novel Coronavirus","publisher":{"@id":"https:\/\/liincstudy.org\/es\/#organization"},"alternateName":"LIINC","potentialAction":[{"@type":"SearchAction","target":{"@type":"EntryPoint","urlTemplate":"https:\/\/liincstudy.org\/es\/?s={search_term_string}"},"query-input":{"@type":"PropertyValueSpecification","valueRequired":true,"valueName":"search_term_string"}}],"inLanguage":"es"},{"@type":"Organization","@id":"https:\/\/liincstudy.org\/es\/#organization","name":"Long-term Impact of Infection with Novel Coronavirus","alternateName":"LIINC","url":"https:\/\/liincstudy.org\/es\/","logo":{"@type":"ImageObject","inLanguage":"es","@id":"https:\/\/liincstudy.org\/es\/#\/schema\/logo\/image\/","url":"https:\/\/liincstudy.org\/wp-content\/uploads\/2023\/11\/liinc-logo-stacked.svg","contentUrl":"https:\/\/liincstudy.org\/wp-content\/uploads\/2023\/11\/liinc-logo-stacked.svg","width":129,"height":141,"caption":"Long-term Impact of Infection with Novel Coronavirus"},"image":{"@id":"https:\/\/liincstudy.org\/es\/#\/schema\/logo\/image\/"}}]}},"_links":{"self":[{"href":"https:\/\/liincstudy.org\/es\/wp-json\/wp\/v2\/pages\/24833","targetHints":{"allow":["GET"]}}],"collection":[{"href":"https:\/\/liincstudy.org\/es\/wp-json\/wp\/v2\/pages"}],"about":[{"href":"https:\/\/liincstudy.org\/es\/wp-json\/wp\/v2\/types\/page"}],"author":[{"embeddable":true,"href":"https:\/\/liincstudy.org\/es\/wp-json\/wp\/v2\/users\/2"}],"replies":[{"embeddable":true,"href":"https:\/\/liincstudy.org\/es\/wp-json\/wp\/v2\/comments?post=24833"}],"version-history":[{"count":0,"href":"https:\/\/liincstudy.org\/es\/wp-json\/wp\/v2\/pages\/24833\/revisions"}],"wp:attachment":[{"href":"https:\/\/liincstudy.org\/es\/wp-json\/wp\/v2\/media?parent=24833"}],"curies":[{"name":"wp","href":"https:\/\/api.w.org\/{rel}","templated":true}]}}