{"id":24835,"date":"2023-11-23T14:26:14","date_gmt":"2023-11-23T22:26:14","guid":{"rendered":"https:\/\/liincstudy.org\/acerca-de\/"},"modified":"2024-09-04T09:28:10","modified_gmt":"2024-09-04T16:28:10","slug":"acerca-de","status":"publish","type":"page","link":"https:\/\/liincstudy.org\/es\/acerca-de\/","title":{"rendered":"Acerca de"},"content":{"rendered":"<h1>Sobre LIINC<\/h1>\n<p>LIINC es una colaboraci\u00f3n de equipos de investigaci\u00f3n de la UC San Francisco en el Hospital General Zuckerberg San Francisco.  <\/p>\n<h6>\n\t\t\t\t\t\tUCSF<br \/>\n\t\t\t\t\t<\/h6>\n<h2>UC San Francisco<\/h2>\n<p>La Universidad de California en San Francisco es una de las instituciones m\u00e1s importantes del mundo en investigaci\u00f3n biol\u00f3gica y m\u00e9dica, y cuenta con cinco Premios Nobel entre su profesorado. En 2019, la UCSF mantuvo por decimotercer a\u00f1o consecutivo su puesto como principal receptor entre las instituciones p\u00fablicas de fondos procedentes de los Institutos Nacionales de la Salud. La UCSF ha ocupado el segundo lugar en financiaci\u00f3n de los NIH entre todas las instituciones acad\u00e9micas del pa\u00eds durante los \u00faltimos nueve a\u00f1os.<\/p>\n<p>La Divisi\u00f3n de VIH, Enfermedades Infecciosas y Medicina Global de la UCSF en el Hospital General de San Francisco es un l\u00edder mundial reconocido internacionalmente en enfermedades infecciosas.<\/p>\n<p>\t\t\t\t\t\t\t\t\t\t\t\t\t<img fetchpriority=\"high\" decoding=\"async\" width=\"1140\" height=\"760\" src=\"https:\/\/liincstudy.org\/wp-content\/uploads\/2024\/09\/UCSF_20240802_LIINC_141b-1600x1066.jpg\" alt=\"\" srcset=\"https:\/\/liincstudy.org\/wp-content\/uploads\/2024\/09\/UCSF_20240802_LIINC_141b-1600x1066.jpg 1600w, https:\/\/liincstudy.org\/wp-content\/uploads\/2024\/09\/UCSF_20240802_LIINC_141b-800x533.jpg 800w, https:\/\/liincstudy.org\/wp-content\/uploads\/2024\/09\/UCSF_20240802_LIINC_141b-768x512.jpg 768w, https:\/\/liincstudy.org\/wp-content\/uploads\/2024\/09\/UCSF_20240802_LIINC_141b-1536x1024.jpg 1536w, https:\/\/liincstudy.org\/wp-content\/uploads\/2024\/09\/UCSF_20240802_LIINC_141b-710x473.jpg 710w, https:\/\/liincstudy.org\/wp-content\/uploads\/2024\/09\/UCSF_20240802_LIINC_141b.jpg 2000w\" sizes=\"(max-width: 1140px) 100vw, 1140px\" \/>\t\t\t\t\t\t\t\t\t\t\t\t\t<\/p>\n<h2>Nuestros colaboradores<\/h2>\n<p>\t\t\t\t\t\t\t\t\t\t\t\t\t\t<a href=\"https:\/\/ucsf.edu\/\" target=\"_blank\" rel=\"noopener\"><br \/>\n\t\t\t\t\t\t\t<img decoding=\"async\" width=\"1140\" height=\"541\" src=\"https:\/\/liincstudy.org\/wp-content\/uploads\/2024\/05\/ucsf-logo-1600x759.png\" alt=\"\" srcset=\"https:\/\/liincstudy.org\/wp-content\/uploads\/2024\/05\/ucsf-logo-1600x759.png 1600w, https:\/\/liincstudy.org\/wp-content\/uploads\/2024\/05\/ucsf-logo-800x379.png 800w, https:\/\/liincstudy.org\/wp-content\/uploads\/2024\/05\/ucsf-logo-768x364.png 768w, https:\/\/liincstudy.org\/wp-content\/uploads\/2024\/05\/ucsf-logo-1536x729.png 1536w, https:\/\/liincstudy.org\/wp-content\/uploads\/2024\/05\/ucsf-logo-2048x971.png 2048w, https:\/\/liincstudy.org\/wp-content\/uploads\/2024\/05\/ucsf-logo-710x337.png 710w, https:\/\/liincstudy.org\/wp-content\/uploads\/2024\/05\/ucsf-logo-300x142.png 300w, https:\/\/liincstudy.org\/wp-content\/uploads\/2024\/05\/ucsf-logo-1024x486.png 1024w\" sizes=\"(max-width: 1140px) 100vw, 1140px\" \/>\t\t\t\t\t\t\t\t<\/a><br \/>\n\t\t\t\t\t\t\t\t\t\t\t\t\t\t<a href=\"https:\/\/eppicenter.ucsf.edu\/\" target=\"_blank\" rel=\"noopener\"><br \/>\n\t\t\t\t\t\t\t<img decoding=\"async\" width=\"1140\" height=\"370\" src=\"https:\/\/liincstudy.org\/wp-content\/uploads\/2024\/05\/EPPIcenter_trnsprntbkg_med-1600x519.png\" alt=\"\" srcset=\"https:\/\/liincstudy.org\/wp-content\/uploads\/2024\/05\/EPPIcenter_trnsprntbkg_med-1600x519.png 1600w, https:\/\/liincstudy.org\/wp-content\/uploads\/2024\/05\/EPPIcenter_trnsprntbkg_med-800x259.png 800w, https:\/\/liincstudy.org\/wp-content\/uploads\/2024\/05\/EPPIcenter_trnsprntbkg_med-768x249.png 768w, https:\/\/liincstudy.org\/wp-content\/uploads\/2024\/05\/EPPIcenter_trnsprntbkg_med-1536x498.png 1536w, https:\/\/liincstudy.org\/wp-content\/uploads\/2024\/05\/EPPIcenter_trnsprntbkg_med-710x230.png 710w, https:\/\/liincstudy.org\/wp-content\/uploads\/2024\/05\/EPPIcenter_trnsprntbkg_med-300x97.png 300w, https:\/\/liincstudy.org\/wp-content\/uploads\/2024\/05\/EPPIcenter_trnsprntbkg_med-1024x332.png 1024w, https:\/\/liincstudy.org\/wp-content\/uploads\/2024\/05\/EPPIcenter_trnsprntbkg_med.png 1675w\" sizes=\"(max-width: 1140px) 100vw, 1140px\" \/>\t\t\t\t\t\t\t\t<\/a><br \/>\n\t\t\t\t\t\t\t\t\t\t\t\t\t\t<a href=\"https:\/\/polybio.org\/\" target=\"_blank\" rel=\"noopener\"><br \/>\n\t\t\t\t\t\t\t<img loading=\"lazy\" decoding=\"async\" width=\"1140\" height=\"261\" src=\"https:\/\/liincstudy.org\/wp-content\/uploads\/2024\/05\/polybio-logo-1600x366.png\" alt=\"\" srcset=\"https:\/\/liincstudy.org\/wp-content\/uploads\/2024\/05\/polybio-logo-1600x366.png 1600w, https:\/\/liincstudy.org\/wp-content\/uploads\/2024\/05\/polybio-logo-800x183.png 800w, https:\/\/liincstudy.org\/wp-content\/uploads\/2024\/05\/polybio-logo-768x176.png 768w, https:\/\/liincstudy.org\/wp-content\/uploads\/2024\/05\/polybio-logo-1536x351.png 1536w, https:\/\/liincstudy.org\/wp-content\/uploads\/2024\/05\/polybio-logo-710x162.png 710w, https:\/\/liincstudy.org\/wp-content\/uploads\/2024\/05\/polybio-logo-300x69.png 300w, https:\/\/liincstudy.org\/wp-content\/uploads\/2024\/05\/polybio-logo-1024x234.png 1024w, https:\/\/liincstudy.org\/wp-content\/uploads\/2024\/05\/polybio-logo.png 1709w\" sizes=\"(max-width: 1140px) 100vw, 1140px\" \/>\t\t\t\t\t\t\t\t<\/a><\/p>\n<p>El N\u00facleo de Investigaci\u00f3n Cl\u00ednica LIINC y el Programa de Tejidos LIINC est\u00e1n financiados por la Fundaci\u00f3n de Investigaci\u00f3n PolyBio para apoyar el trabajo de los cient\u00edficos de la UCSF y de todo el mundo que intentan determinar las causas de la COVID Larga.<\/p><\/p>\n","protected":false},"excerpt":{"rendered":"<p>Sobre LIINC LIINC es una colaboraci\u00f3n de equipos de investigaci\u00f3n de la UC San Francisco en el Hospital General Zuckerberg San Francisco. UCSF UC San Francisco La Universidad de California en San Francisco es una de las instituciones m\u00e1s importantes del mundo en investigaci\u00f3n biol\u00f3gica y m\u00e9dica, y cuenta con cinco Premios Nobel entre su [&hellip;]<\/p>\n","protected":false},"author":2,"featured_media":0,"parent":0,"menu_order":0,"comment_status":"closed","ping_status":"closed","template":"","meta":{"_acf_changed":false,"footnotes":""},"class_list":["post-24835","page","type-page","status-publish"],"acf":[],"yoast_head":"<!-- This site is optimized with the Yoast SEO plugin v27.5 - https:\/\/yoast.com\/product\/yoast-seo-wordpress\/ -->\n<title>Acerca de - LIINC<\/title>\n<meta name=\"description\" content=\"Sobre LIINC LIINC es una colaboraci\u00f3n de equipos de investigaci\u00f3n de la UC San Francisco en el Hospital General Zuckerberg San Francisco. UCSF UC San\" \/>\n<meta name=\"robots\" content=\"index, follow, max-snippet:-1, max-image-preview:large, max-video-preview:-1\" \/>\n<link rel=\"canonical\" href=\"https:\/\/liincstudy.org\/es\/acerca-de\/\" \/>\n<meta property=\"og:locale\" content=\"es_ES\" \/>\n<meta property=\"og:type\" content=\"article\" \/>\n<meta property=\"og:title\" content=\"Acerca de - LIINC\" \/>\n<meta property=\"og:description\" content=\"Sobre LIINC LIINC es una colaboraci\u00f3n de equipos de investigaci\u00f3n de la UC San Francisco en el Hospital General Zuckerberg San Francisco. UCSF UC San\" \/>\n<meta property=\"og:url\" content=\"https:\/\/liincstudy.org\/es\/acerca-de\/\" \/>\n<meta property=\"og:site_name\" content=\"LIINC\" \/>\n<meta property=\"article:modified_time\" content=\"2024-09-04T16:28:10+00:00\" \/>\n<meta property=\"og:image\" content=\"https:\/\/liincstudy.org\/wp-content\/uploads\/2024\/09\/UCSF_20240802_LIINC_141b-1600x1066.jpg\" \/>\n<meta name=\"twitter:card\" content=\"summary_large_image\" \/>\n<script type=\"application\/ld+json\" class=\"yoast-schema-graph\">{\"@context\":\"https:\\\/\\\/schema.org\",\"@graph\":[{\"@type\":\"WebPage\",\"@id\":\"https:\\\/\\\/liincstudy.org\\\/es\\\/acerca-de\\\/\",\"url\":\"https:\\\/\\\/liincstudy.org\\\/es\\\/acerca-de\\\/\",\"name\":\"Acerca de - LIINC\",\"isPartOf\":{\"@id\":\"https:\\\/\\\/liincstudy.org\\\/es\\\/#website\"},\"primaryImageOfPage\":{\"@id\":\"https:\\\/\\\/liincstudy.org\\\/es\\\/acerca-de\\\/#primaryimage\"},\"image\":{\"@id\":\"https:\\\/\\\/liincstudy.org\\\/es\\\/acerca-de\\\/#primaryimage\"},\"thumbnailUrl\":\"https:\\\/\\\/liincstudy.org\\\/wp-content\\\/uploads\\\/2024\\\/09\\\/UCSF_20240802_LIINC_141b-1600x1066.jpg\",\"datePublished\":\"2023-11-23T22:26:14+00:00\",\"dateModified\":\"2024-09-04T16:28:10+00:00\",\"description\":\"Sobre LIINC LIINC es una colaboraci\u00f3n de equipos de investigaci\u00f3n de la UC San Francisco en el Hospital General Zuckerberg San Francisco. UCSF UC San\",\"breadcrumb\":{\"@id\":\"https:\\\/\\\/liincstudy.org\\\/es\\\/acerca-de\\\/#breadcrumb\"},\"inLanguage\":\"es\",\"potentialAction\":[{\"@type\":\"ReadAction\",\"target\":[\"https:\\\/\\\/liincstudy.org\\\/es\\\/acerca-de\\\/\"]}]},{\"@type\":\"ImageObject\",\"inLanguage\":\"es\",\"@id\":\"https:\\\/\\\/liincstudy.org\\\/es\\\/acerca-de\\\/#primaryimage\",\"url\":\"https:\\\/\\\/liincstudy.org\\\/wp-content\\\/uploads\\\/2024\\\/09\\\/UCSF_20240802_LIINC_141b-1600x1066.jpg\",\"contentUrl\":\"https:\\\/\\\/liincstudy.org\\\/wp-content\\\/uploads\\\/2024\\\/09\\\/UCSF_20240802_LIINC_141b-1600x1066.jpg\"},{\"@type\":\"BreadcrumbList\",\"@id\":\"https:\\\/\\\/liincstudy.org\\\/es\\\/acerca-de\\\/#breadcrumb\",\"itemListElement\":[{\"@type\":\"ListItem\",\"position\":1,\"name\":\"Home\",\"item\":\"https:\\\/\\\/liincstudy.org\\\/es\\\/\"},{\"@type\":\"ListItem\",\"position\":2,\"name\":\"Acerca de\"}]},{\"@type\":\"WebSite\",\"@id\":\"https:\\\/\\\/liincstudy.org\\\/es\\\/#website\",\"url\":\"https:\\\/\\\/liincstudy.org\\\/es\\\/\",\"name\":\"Long-term Impact of Infection with Novel Coronavirus\",\"description\":\"Long-term Impact of Infection with Novel Coronavirus\",\"publisher\":{\"@id\":\"https:\\\/\\\/liincstudy.org\\\/es\\\/#organization\"},\"alternateName\":\"LIINC\",\"potentialAction\":[{\"@type\":\"SearchAction\",\"target\":{\"@type\":\"EntryPoint\",\"urlTemplate\":\"https:\\\/\\\/liincstudy.org\\\/es\\\/?s={search_term_string}\"},\"query-input\":{\"@type\":\"PropertyValueSpecification\",\"valueRequired\":true,\"valueName\":\"search_term_string\"}}],\"inLanguage\":\"es\"},{\"@type\":\"Organization\",\"@id\":\"https:\\\/\\\/liincstudy.org\\\/es\\\/#organization\",\"name\":\"Long-term Impact of Infection with Novel Coronavirus\",\"alternateName\":\"LIINC\",\"url\":\"https:\\\/\\\/liincstudy.org\\\/es\\\/\",\"logo\":{\"@type\":\"ImageObject\",\"inLanguage\":\"es\",\"@id\":\"https:\\\/\\\/liincstudy.org\\\/es\\\/#\\\/schema\\\/logo\\\/image\\\/\",\"url\":\"https:\\\/\\\/liincstudy.org\\\/wp-content\\\/uploads\\\/2023\\\/11\\\/liinc-logo-stacked.svg\",\"contentUrl\":\"https:\\\/\\\/liincstudy.org\\\/wp-content\\\/uploads\\\/2023\\\/11\\\/liinc-logo-stacked.svg\",\"width\":129,\"height\":141,\"caption\":\"Long-term Impact of Infection with Novel Coronavirus\"},\"image\":{\"@id\":\"https:\\\/\\\/liincstudy.org\\\/es\\\/#\\\/schema\\\/logo\\\/image\\\/\"}}]}<\/script>\n<!-- \/ Yoast SEO plugin. -->","yoast_head_json":{"title":"Acerca de - LIINC","description":"Sobre LIINC LIINC es una colaboraci\u00f3n de equipos de investigaci\u00f3n de la UC San Francisco en el Hospital General Zuckerberg San Francisco. UCSF UC San","robots":{"index":"index","follow":"follow","max-snippet":"max-snippet:-1","max-image-preview":"max-image-preview:large","max-video-preview":"max-video-preview:-1"},"canonical":"https:\/\/liincstudy.org\/es\/acerca-de\/","og_locale":"es_ES","og_type":"article","og_title":"Acerca de - LIINC","og_description":"Sobre LIINC LIINC es una colaboraci\u00f3n de equipos de investigaci\u00f3n de la UC San Francisco en el Hospital General Zuckerberg San Francisco. UCSF UC San","og_url":"https:\/\/liincstudy.org\/es\/acerca-de\/","og_site_name":"LIINC","article_modified_time":"2024-09-04T16:28:10+00:00","og_image":[{"url":"https:\/\/liincstudy.org\/wp-content\/uploads\/2024\/09\/UCSF_20240802_LIINC_141b-1600x1066.jpg","type":"","width":"","height":""}],"twitter_card":"summary_large_image","schema":{"@context":"https:\/\/schema.org","@graph":[{"@type":"WebPage","@id":"https:\/\/liincstudy.org\/es\/acerca-de\/","url":"https:\/\/liincstudy.org\/es\/acerca-de\/","name":"Acerca de - LIINC","isPartOf":{"@id":"https:\/\/liincstudy.org\/es\/#website"},"primaryImageOfPage":{"@id":"https:\/\/liincstudy.org\/es\/acerca-de\/#primaryimage"},"image":{"@id":"https:\/\/liincstudy.org\/es\/acerca-de\/#primaryimage"},"thumbnailUrl":"https:\/\/liincstudy.org\/wp-content\/uploads\/2024\/09\/UCSF_20240802_LIINC_141b-1600x1066.jpg","datePublished":"2023-11-23T22:26:14+00:00","dateModified":"2024-09-04T16:28:10+00:00","description":"Sobre LIINC LIINC es una colaboraci\u00f3n de equipos de investigaci\u00f3n de la UC San Francisco en el Hospital General Zuckerberg San Francisco. UCSF UC San","breadcrumb":{"@id":"https:\/\/liincstudy.org\/es\/acerca-de\/#breadcrumb"},"inLanguage":"es","potentialAction":[{"@type":"ReadAction","target":["https:\/\/liincstudy.org\/es\/acerca-de\/"]}]},{"@type":"ImageObject","inLanguage":"es","@id":"https:\/\/liincstudy.org\/es\/acerca-de\/#primaryimage","url":"https:\/\/liincstudy.org\/wp-content\/uploads\/2024\/09\/UCSF_20240802_LIINC_141b-1600x1066.jpg","contentUrl":"https:\/\/liincstudy.org\/wp-content\/uploads\/2024\/09\/UCSF_20240802_LIINC_141b-1600x1066.jpg"},{"@type":"BreadcrumbList","@id":"https:\/\/liincstudy.org\/es\/acerca-de\/#breadcrumb","itemListElement":[{"@type":"ListItem","position":1,"name":"Home","item":"https:\/\/liincstudy.org\/es\/"},{"@type":"ListItem","position":2,"name":"Acerca de"}]},{"@type":"WebSite","@id":"https:\/\/liincstudy.org\/es\/#website","url":"https:\/\/liincstudy.org\/es\/","name":"Long-term Impact of Infection with Novel Coronavirus","description":"Long-term Impact of Infection with Novel Coronavirus","publisher":{"@id":"https:\/\/liincstudy.org\/es\/#organization"},"alternateName":"LIINC","potentialAction":[{"@type":"SearchAction","target":{"@type":"EntryPoint","urlTemplate":"https:\/\/liincstudy.org\/es\/?s={search_term_string}"},"query-input":{"@type":"PropertyValueSpecification","valueRequired":true,"valueName":"search_term_string"}}],"inLanguage":"es"},{"@type":"Organization","@id":"https:\/\/liincstudy.org\/es\/#organization","name":"Long-term Impact of Infection with Novel Coronavirus","alternateName":"LIINC","url":"https:\/\/liincstudy.org\/es\/","logo":{"@type":"ImageObject","inLanguage":"es","@id":"https:\/\/liincstudy.org\/es\/#\/schema\/logo\/image\/","url":"https:\/\/liincstudy.org\/wp-content\/uploads\/2023\/11\/liinc-logo-stacked.svg","contentUrl":"https:\/\/liincstudy.org\/wp-content\/uploads\/2023\/11\/liinc-logo-stacked.svg","width":129,"height":141,"caption":"Long-term Impact of Infection with Novel Coronavirus"},"image":{"@id":"https:\/\/liincstudy.org\/es\/#\/schema\/logo\/image\/"}}]}},"_links":{"self":[{"href":"https:\/\/liincstudy.org\/es\/wp-json\/wp\/v2\/pages\/24835","targetHints":{"allow":["GET"]}}],"collection":[{"href":"https:\/\/liincstudy.org\/es\/wp-json\/wp\/v2\/pages"}],"about":[{"href":"https:\/\/liincstudy.org\/es\/wp-json\/wp\/v2\/types\/page"}],"author":[{"embeddable":true,"href":"https:\/\/liincstudy.org\/es\/wp-json\/wp\/v2\/users\/2"}],"replies":[{"embeddable":true,"href":"https:\/\/liincstudy.org\/es\/wp-json\/wp\/v2\/comments?post=24835"}],"version-history":[{"count":0,"href":"https:\/\/liincstudy.org\/es\/wp-json\/wp\/v2\/pages\/24835\/revisions"}],"wp:attachment":[{"href":"https:\/\/liincstudy.org\/es\/wp-json\/wp\/v2\/media?parent=24835"}],"curies":[{"name":"wp","href":"https:\/\/api.w.org\/{rel}","templated":true}]}}