{"id":25176,"date":"2024-06-28T23:37:30","date_gmt":"2024-06-28T23:37:30","guid":{"rendered":"https:\/\/liincstudy.org\/?page_id=25176"},"modified":"2024-07-15T17:01:29","modified_gmt":"2024-07-15T17:01:29","slug":"programa-de-imagenes-del-sistema-inmunitario","status":"publish","type":"page","link":"https:\/\/liincstudy.org\/es\/programa-de-imagenes-del-sistema-inmunitario\/","title":{"rendered":"Programa de im\u00e1genes del sistema inmunitario"},"content":{"rendered":"\t\t<div data-elementor-type=\"wp-page\" data-elementor-id=\"25176\" class=\"elementor elementor-25176 elementor-25175\">\n\t\t\t\t<div class=\"elementor-element elementor-element-a4225e2 e-flex e-con-boxed e-con e-parent\" data-id=\"a4225e2\" data-element_type=\"container\" data-e-type=\"container\" data-settings=\"{&quot;background_background&quot;:&quot;classic&quot;}\">\n\t\t\t\t\t<div class=\"e-con-inner\">\n\t\t<div class=\"elementor-element elementor-element-de03af8 e-con-full e-flex e-con e-child\" data-id=\"de03af8\" data-element_type=\"container\" data-e-type=\"container\">\n\t\t\t\t<div class=\"elementor-element elementor-element-90143fd animated-fast elementor-invisible elementor-widget elementor-widget-elementskit-heading\" data-id=\"90143fd\" data-element_type=\"widget\" data-e-type=\"widget\" data-settings=\"{&quot;_animation&quot;:&quot;fadeIn&quot;,&quot;_animation_delay&quot;:100,&quot;ekit_we_effect_on&quot;:&quot;none&quot;}\" data-widget_type=\"elementskit-heading.default\">\n\t\t\t\t<div class=\"elementor-widget-container\">\n\t\t\t\t\t<div class=\"ekit-wid-con\" ><div class=\"ekit-heading elementskit-section-title-wraper text_center   ekit_heading_tablet-   ekit_heading_mobile-\"><h1 class=\"ekit-heading--title elementskit-section-title \">Programa de Im\u00e1genes del Sistema Inmunol\u00f3gico de LIINC<\/h1>\t\t\t\t<div class='ekit-heading__description'>\n\t\t\t\t\t<p>El equipo del LIINC utiliza tecnolog\u00eda de imagen avanzada para escanear el cuerpo y descubrir c\u00f3mo funciona el sistema inmunitario despu\u00e9s del COVID-19.<\/p>\n\t\t\t\t<\/div>\n\t\t\t<\/div><\/div>\t\t\t\t<\/div>\n\t\t\t\t<\/div>\n\t\t\t\t<\/div>\n\t\t\t\t\t<\/div>\n\t\t\t\t<\/div>\n\t\t<div class=\"elementor-element elementor-element-de78bfa e-con-full e-flex e-con e-parent\" data-id=\"de78bfa\" data-element_type=\"container\" data-e-type=\"container\">\n\t\t\t\t<div class=\"elementor-element elementor-element-4bad0ef animated-fast elementor-invisible elementor-widget elementor-widget-elementskit-heading\" data-id=\"4bad0ef\" data-element_type=\"widget\" data-e-type=\"widget\" data-settings=\"{&quot;_animation&quot;:&quot;fadeIn&quot;,&quot;_animation_delay&quot;:100,&quot;ekit_we_effect_on&quot;:&quot;none&quot;}\" data-widget_type=\"elementskit-heading.default\">\n\t\t\t\t<div class=\"elementor-widget-container\">\n\t\t\t\t\t<div class=\"ekit-wid-con\" ><div class=\"ekit-heading elementskit-section-title-wraper text_left   ekit_heading_tablet-   ekit_heading_mobile-\"><h2 class=\"ekit-heading--title elementskit-section-title \">\u00bfPor qu\u00e9 im\u00e1genes?<\/h2><\/div><\/div>\t\t\t\t<\/div>\n\t\t\t\t<\/div>\n\t\t\t\t<div class=\"elementor-element elementor-element-7f4439d elementor-widget elementor-widget-text-editor\" data-id=\"7f4439d\" data-element_type=\"widget\" data-e-type=\"widget\" data-settings=\"{&quot;ekit_we_effect_on&quot;:&quot;none&quot;}\" data-widget_type=\"text-editor.default\">\n\t\t\t\t<div class=\"elementor-widget-container\">\n\t\t\t\t\t\t\t\t\t<p>Mientras que las biopsias de tejido pueden mostrarnos exactamente lo que ocurre en una parte del cuerpo, nuestros estudios de imagen captan im\u00e1genes de todo el organismo. Los investigadores pueden entonces investigar todo el cuerpo a la vez para ver qu\u00e9 podr\u00eda estar causando los s\u00edntomas de COVID Larga.<\/p>\n\t\t\t\t\t\t\t\t<\/div>\n\t\t\t\t<\/div>\n\t\t\t\t<\/div>\n\t\t<div class=\"elementor-element elementor-element-3e1a20d e-flex e-con-boxed e-con e-parent\" data-id=\"3e1a20d\" data-element_type=\"container\" data-e-type=\"container\">\n\t\t\t\t\t<div class=\"e-con-inner\">\n\t\t<div class=\"elementor-element elementor-element-b0a6fe4 e-con-full e-flex e-con e-child\" data-id=\"b0a6fe4\" data-element_type=\"container\" data-e-type=\"container\">\n\t\t<div class=\"elementor-element elementor-element-b0ef1e7 e-con-full e-flex e-con e-child\" data-id=\"b0ef1e7\" data-element_type=\"container\" data-e-type=\"container\">\n\t\t\t\t<div class=\"elementor-element elementor-element-9492732 animated-fast elementor-invisible elementor-widget elementor-widget-elementskit-heading\" data-id=\"9492732\" data-element_type=\"widget\" data-e-type=\"widget\" data-settings=\"{&quot;_animation&quot;:&quot;fadeIn&quot;,&quot;_animation_delay&quot;:100,&quot;ekit_we_effect_on&quot;:&quot;none&quot;}\" data-widget_type=\"elementskit-heading.default\">\n\t\t\t\t<div class=\"elementor-widget-container\">\n\t\t\t\t\t<div class=\"ekit-wid-con\" ><div class=\"ekit-heading elementskit-section-title-wraper text_left   ekit_heading_tablet-   ekit_heading_mobile-\"><h2 class=\"ekit-heading--title elementskit-section-title \">\u00bfC\u00f3mo funcionan las exploraciones?<\/h2><\/div><\/div>\t\t\t\t<\/div>\n\t\t\t\t<\/div>\n\t\t\t\t<div class=\"elementor-element elementor-element-251c360 elementor-widget elementor-widget-text-editor\" data-id=\"251c360\" data-element_type=\"widget\" data-e-type=\"widget\" data-settings=\"{&quot;ekit_we_effect_on&quot;:&quot;none&quot;}\" data-widget_type=\"text-editor.default\">\n\t\t\t\t<div class=\"elementor-widget-container\">\n\t\t\t\t\t\t\t\t\t<p>Administramos a los participantes una peque\u00f1a dosis de una mol\u00e9cula que se &#8220;atasca&#8221; en las c\u00e9lulas inmunitarias y libera una se\u00f1al que nuestros esc\u00e1neres pueden leer. Esto nos permite ver en qu\u00e9 parte del cuerpo est\u00e1 respondiendo el sistema inmunitario a algo, ya sea en el cerebro, la m\u00e9dula \u00f3sea o el coraz\u00f3n. Nuestras exploraciones son una combinaci\u00f3n de dos tipos de exploraciones: una PET y una TC.<\/p>\n\t\t\t\t\t\t\t\t<\/div>\n\t\t\t\t<\/div>\n\t\t\t\t<\/div>\n\t\t<div class=\"elementor-element elementor-element-a935f83 e-con-full e-flex e-con e-child\" data-id=\"a935f83\" data-element_type=\"container\" data-e-type=\"container\" data-settings=\"{&quot;background_background&quot;:&quot;classic&quot;}\">\n\t\t\t\t<div class=\"elementor-element elementor-element-e225d8d animated-fast elementor-invisible elementor-widget elementor-widget-image\" data-id=\"e225d8d\" data-element_type=\"widget\" data-e-type=\"widget\" data-settings=\"{&quot;_animation&quot;:&quot;fadeIn&quot;,&quot;_animation_delay&quot;:100,&quot;ekit_we_effect_on&quot;:&quot;none&quot;}\" data-widget_type=\"image.default\">\n\t\t\t\t<div class=\"elementor-widget-container\">\n\t\t\t\t\t\t\t\t\t\t\t\t\t\t\t<img fetchpriority=\"high\" decoding=\"async\" width=\"1140\" height=\"1353\" src=\"https:\/\/liincstudy.org\/wp-content\/uploads\/2024\/06\/F-AraG-PET-CT-MIP-All-1348x1600.jpg\" class=\"attachment-large size-large wp-image-25193\" alt=\"\" srcset=\"https:\/\/liincstudy.org\/wp-content\/uploads\/2024\/06\/F-AraG-PET-CT-MIP-All-1348x1600.jpg 1348w, https:\/\/liincstudy.org\/wp-content\/uploads\/2024\/06\/F-AraG-PET-CT-MIP-All-674x800.jpg 674w, https:\/\/liincstudy.org\/wp-content\/uploads\/2024\/06\/F-AraG-PET-CT-MIP-All-768x912.jpg 768w, https:\/\/liincstudy.org\/wp-content\/uploads\/2024\/06\/F-AraG-PET-CT-MIP-All-1294x1536.jpg 1294w, https:\/\/liincstudy.org\/wp-content\/uploads\/2024\/06\/F-AraG-PET-CT-MIP-All-710x843.jpg 710w, https:\/\/liincstudy.org\/wp-content\/uploads\/2024\/06\/F-AraG-PET-CT-MIP-All.jpg 1568w\" sizes=\"(max-width: 1140px) 100vw, 1140px\" \/>\t\t\t\t\t\t\t\t\t\t\t\t\t\t\t<\/div>\n\t\t\t\t<\/div>\n\t\t\t\t<\/div>\n\t\t\t\t<\/div>\n\t\t\t\t\t<\/div>\n\t\t\t\t<\/div>\n\t\t<div class=\"elementor-element elementor-element-bdb1e19 e-con-full e-flex e-con e-parent\" data-id=\"bdb1e19\" data-element_type=\"container\" data-e-type=\"container\">\n\t\t\t\t<div class=\"elementor-element elementor-element-a32c4f3 animated-fast elementor-invisible elementor-widget elementor-widget-elementskit-heading\" data-id=\"a32c4f3\" data-element_type=\"widget\" data-e-type=\"widget\" data-settings=\"{&quot;_animation&quot;:&quot;fadeIn&quot;,&quot;_animation_delay&quot;:100,&quot;ekit_we_effect_on&quot;:&quot;none&quot;}\" data-widget_type=\"elementskit-heading.default\">\n\t\t\t\t<div class=\"elementor-widget-container\">\n\t\t\t\t\t<div class=\"ekit-wid-con\" ><div class=\"ekit-heading elementskit-section-title-wraper text_left   ekit_heading_tablet-   ekit_heading_mobile-\"><h2 class=\"ekit-heading--title elementskit-section-title \">\u00bfC\u00f3mo se relaciona esto con Long COVID?<\/h2><\/div><\/div>\t\t\t\t<\/div>\n\t\t\t\t<\/div>\n\t\t\t\t<div class=\"elementor-element elementor-element-4f85a4a elementor-widget elementor-widget-text-editor\" data-id=\"4f85a4a\" data-element_type=\"widget\" data-e-type=\"widget\" data-settings=\"{&quot;ekit_we_effect_on&quot;:&quot;none&quot;}\" data-widget_type=\"text-editor.default\">\n\t\t\t\t<div class=\"elementor-widget-container\">\n\t\t\t\t\t\t\t\t\t<p>Nuestros esc\u00e1neres nos dir\u00e1n si el sistema inmunitario de los participantes est\u00e1 desequilibrado. Esto podr\u00eda deberse a que est\u00e1n respondiendo a algo que no deber\u00eda estar ah\u00ed (por ejemplo, el virus COVID-19 persistente). El sistema inmunitario tambi\u00e9n podr\u00eda estar atacando algo que no deber\u00eda. Estas exploraciones pueden permitirnos saber si es as\u00ed.<\/p>\n\t\t\t\t\t\t\t\t<\/div>\n\t\t\t\t<\/div>\n\t\t\t\t<div class=\"elementor-element elementor-element-6b2a07b elementor-widget elementor-widget-spacer\" data-id=\"6b2a07b\" data-element_type=\"widget\" data-e-type=\"widget\" data-settings=\"{&quot;ekit_we_effect_on&quot;:&quot;none&quot;}\" data-widget_type=\"spacer.default\">\n\t\t\t\t<div class=\"elementor-widget-container\">\n\t\t\t\t\t\t\t<div class=\"elementor-spacer\">\n\t\t\t<div class=\"elementor-spacer-inner\"><\/div>\n\t\t<\/div>\n\t\t\t\t\t\t<\/div>\n\t\t\t\t<\/div>\n\t\t\t\t<div class=\"elementor-element elementor-element-5992cf9 animated-fast elementor-invisible elementor-widget elementor-widget-elementskit-heading\" data-id=\"5992cf9\" data-element_type=\"widget\" data-e-type=\"widget\" data-settings=\"{&quot;_animation&quot;:&quot;fadeIn&quot;,&quot;_animation_delay&quot;:100,&quot;ekit_we_effect_on&quot;:&quot;none&quot;}\" data-widget_type=\"elementskit-heading.default\">\n\t\t\t\t<div class=\"elementor-widget-container\">\n\t\t\t\t\t<div class=\"ekit-wid-con\" ><div class=\"ekit-heading elementskit-section-title-wraper text_left   ekit_heading_tablet-   ekit_heading_mobile-\"><h2 class=\"ekit-heading--title elementskit-section-title \">\u00bfA qui\u00e9n buscas para que participe en este estudio?<\/h2><\/div><\/div>\t\t\t\t<\/div>\n\t\t\t\t<\/div>\n\t\t\t\t<div class=\"elementor-element elementor-element-ebd6b23 elementor-widget elementor-widget-text-editor\" data-id=\"ebd6b23\" data-element_type=\"widget\" data-e-type=\"widget\" data-settings=\"{&quot;ekit_we_effect_on&quot;:&quot;none&quot;}\" data-widget_type=\"text-editor.default\">\n\t\t\t\t<div class=\"elementor-widget-container\">\n\t\t\t\t\t\t\t\t\t<p>Aunque tomamos im\u00e1genes de personas con y sin COVID Largo, estamos especialmente interesados en personas que se hayan recuperado totalmente de COVID-19 y no tengan s\u00edntomas continuos para que act\u00faen como controles negativos de las personas con COVID Largo. Esto puede darnos una idea de por qu\u00e9 algunas personas pueden desarrollar COVID Largo mientras que otras no y c\u00f3mo desarrollar medidas o pruebas de COVID Largo.<\/p>\n\t\t\t\t\t\t\t\t<\/div>\n\t\t\t\t<\/div>\n\t\t\t\t<\/div>\n\t\t<div class=\"elementor-element elementor-element-f70443c e-flex e-con-boxed e-con e-parent\" data-id=\"f70443c\" data-element_type=\"container\" data-e-type=\"container\" data-settings=\"{&quot;background_background&quot;:&quot;classic&quot;}\">\n\t\t\t\t\t<div class=\"e-con-inner\">\n\t\t<div class=\"elementor-element elementor-element-0910945 e-con-full e-flex e-con e-child\" data-id=\"0910945\" data-element_type=\"container\" data-e-type=\"container\">\n\t\t<div class=\"elementor-element elementor-element-a3349ab e-con-full e-flex e-con e-child\" data-id=\"a3349ab\" data-element_type=\"container\" data-e-type=\"container\">\n\t\t\t\t<div class=\"elementor-element elementor-element-a5df541 animated-fast elementor-invisible elementor-widget elementor-widget-elementskit-heading\" data-id=\"a5df541\" data-element_type=\"widget\" data-e-type=\"widget\" data-settings=\"{&quot;_animation&quot;:&quot;fadeIn&quot;,&quot;_animation_delay&quot;:100,&quot;ekit_we_effect_on&quot;:&quot;none&quot;}\" data-widget_type=\"elementskit-heading.default\">\n\t\t\t\t<div class=\"elementor-widget-container\">\n\t\t\t\t\t<div class=\"ekit-wid-con\" ><div class=\"ekit-heading elementskit-section-title-wraper text_left   ekit_heading_tablet-   ekit_heading_mobile-\"><h2 class=\"ekit-heading--title elementskit-section-title \">\u00bfC\u00f3mo puedo participar?<\/h2><\/div><\/div>\t\t\t\t<\/div>\n\t\t\t\t<\/div>\n\t\t\t\t<div class=\"elementor-element elementor-element-68d4e4d elementor-widget elementor-widget-text-editor\" data-id=\"68d4e4d\" data-element_type=\"widget\" data-e-type=\"widget\" data-settings=\"{&quot;ekit_we_effect_on&quot;:&quot;none&quot;}\" data-widget_type=\"text-editor.default\">\n\t\t\t\t<div class=\"elementor-widget-container\">\n\t\t\t\t\t\t\t\t\t<p>Para tener la oportunidad de participar en nuestro programa de diagn\u00f3stico por imagen, necesitaremos que los participantes se unan primero a nuestra cohorte de observaci\u00f3n LIINC.<\/p>\n\t\t\t\t\t\t\t\t<\/div>\n\t\t\t\t<\/div>\n\t\t\t\t<div class=\"elementor-element elementor-element-ca99421 elementor-align-left animated-fast elementor-invisible elementor-widget elementor-widget-elementskit-button\" data-id=\"ca99421\" data-element_type=\"widget\" data-e-type=\"widget\" data-settings=\"{&quot;_animation&quot;:&quot;fadeIn&quot;,&quot;_animation_delay&quot;:200,&quot;ekit_we_effect_on&quot;:&quot;none&quot;}\" data-widget_type=\"elementskit-button.default\">\n\t\t\t\t<div class=\"elementor-widget-container\">\n\t\t\t\t\t<div class=\"ekit-wid-con\" >\t\t<div class=\"ekit-btn-wraper\">\n\t\t\t\t\t\t\t<a href=\"https:\/\/liincstudy.org\/es\/unete-al-estudio\/\" class=\"elementskit-btn  whitespace--normal\" id=\"\">\n\t\t\t\t\t\u00danete al Estudio<i class=\"icon icon-right-arrow\"><\/i>\t\t\t\t<\/a>\n\t\t\t\t\t<\/div>\n        <\/div>\t\t\t\t<\/div>\n\t\t\t\t<\/div>\n\t\t\t\t<\/div>\n\t\t<div class=\"elementor-element elementor-element-562efb3 e-con-full e-flex e-con e-child\" data-id=\"562efb3\" data-element_type=\"container\" data-e-type=\"container\" data-settings=\"{&quot;background_background&quot;:&quot;classic&quot;}\">\n\t\t\t\t<div class=\"elementor-element elementor-element-bc9d3b0 animated-fast elementor-invisible elementor-widget elementor-widget-image\" data-id=\"bc9d3b0\" data-element_type=\"widget\" data-e-type=\"widget\" data-settings=\"{&quot;_animation&quot;:&quot;fadeIn&quot;,&quot;_animation_delay&quot;:100,&quot;ekit_we_effect_on&quot;:&quot;none&quot;}\" data-widget_type=\"image.default\">\n\t\t\t\t<div class=\"elementor-widget-container\">\n\t\t\t\t\t\t\t\t\t\t\t\t\t\t\t<img decoding=\"async\" width=\"1140\" height=\"763\" src=\"https:\/\/liincstudy.org\/wp-content\/uploads\/2024\/06\/CT-Image-2-1600x1071.jpg\" class=\"attachment-large size-large wp-image-25189\" alt=\"\" srcset=\"https:\/\/liincstudy.org\/wp-content\/uploads\/2024\/06\/CT-Image-2-1600x1071.jpg 1600w, https:\/\/liincstudy.org\/wp-content\/uploads\/2024\/06\/CT-Image-2-800x536.jpg 800w, https:\/\/liincstudy.org\/wp-content\/uploads\/2024\/06\/CT-Image-2-768x514.jpg 768w, https:\/\/liincstudy.org\/wp-content\/uploads\/2024\/06\/CT-Image-2-1536x1028.jpg 1536w, https:\/\/liincstudy.org\/wp-content\/uploads\/2024\/06\/CT-Image-2-2048x1371.jpg 2048w, https:\/\/liincstudy.org\/wp-content\/uploads\/2024\/06\/CT-Image-2-710x475.jpg 710w\" sizes=\"(max-width: 1140px) 100vw, 1140px\" \/>\t\t\t\t\t\t\t\t\t\t\t\t\t\t\t<\/div>\n\t\t\t\t<\/div>\n\t\t\t\t<\/div>\n\t\t\t\t<\/div>\n\t\t\t\t\t<\/div>\n\t\t\t\t<\/div>\n\t\t\t\t<\/div>\n\t\t","protected":false},"excerpt":{"rendered":"<p>Programa de Im\u00e1genes del Sistema Inmunol\u00f3gico de LIINC El equipo del LIINC utiliza tecnolog\u00eda de imagen avanzada para escanear el cuerpo y descubrir c\u00f3mo funciona el sistema inmunitario despu\u00e9s del COVID-19. \u00bfPor qu\u00e9 im\u00e1genes? Mientras que las biopsias de tejido pueden mostrarnos exactamente lo que ocurre en una parte del cuerpo, nuestros estudios de imagen [&hellip;]<\/p>\n","protected":false},"author":2,"featured_media":0,"parent":0,"menu_order":0,"comment_status":"closed","ping_status":"closed","template":"","meta":{"_acf_changed":false,"footnotes":""},"class_list":["post-25176","page","type-page","status-publish"],"acf":[],"yoast_head":"<!-- This site is optimized with the Yoast SEO plugin v27.4 - https:\/\/yoast.com\/product\/yoast-seo-wordpress\/ -->\n<title>Programa de im\u00e1genes del sistema inmunitario - LIINC<\/title>\n<meta name=\"description\" content=\"Programa de Im\u00e1genes del Sistema Inmunol\u00f3gico de LIINC El equipo del LIINC utiliza tecnolog\u00eda de imagen avanzada para escanear el cuerpo y descubrir c\u00f3mo\" \/>\n<meta name=\"robots\" content=\"index, follow, max-snippet:-1, max-image-preview:large, max-video-preview:-1\" \/>\n<link rel=\"canonical\" href=\"https:\/\/liincstudy.org\/es\/programa-de-imagenes-del-sistema-inmunitario\/\" \/>\n<meta property=\"og:locale\" content=\"es_ES\" \/>\n<meta property=\"og:type\" content=\"article\" \/>\n<meta property=\"og:title\" content=\"Programa de im\u00e1genes del sistema inmunitario - LIINC\" \/>\n<meta property=\"og:description\" content=\"Programa de Im\u00e1genes del Sistema Inmunol\u00f3gico de LIINC El equipo del LIINC utiliza tecnolog\u00eda de imagen avanzada para escanear el cuerpo y descubrir c\u00f3mo\" \/>\n<meta property=\"og:url\" content=\"https:\/\/liincstudy.org\/es\/programa-de-imagenes-del-sistema-inmunitario\/\" \/>\n<meta property=\"og:site_name\" content=\"LIINC\" \/>\n<meta property=\"article:modified_time\" content=\"2024-07-15T17:01:29+00:00\" \/>\n<meta property=\"og:image\" content=\"https:\/\/liincstudy.org\/wp-content\/uploads\/2024\/06\/F-AraG-PET-CT-MIP-All-1348x1600.jpg\" \/>\n<meta name=\"twitter:card\" content=\"summary_large_image\" \/>\n<script type=\"application\/ld+json\" class=\"yoast-schema-graph\">{\"@context\":\"https:\\\/\\\/schema.org\",\"@graph\":[{\"@type\":\"WebPage\",\"@id\":\"https:\\\/\\\/liincstudy.org\\\/es\\\/programa-de-imagenes-del-sistema-inmunitario\\\/\",\"url\":\"https:\\\/\\\/liincstudy.org\\\/es\\\/programa-de-imagenes-del-sistema-inmunitario\\\/\",\"name\":\"Programa de im\u00e1genes del sistema inmunitario - LIINC\",\"isPartOf\":{\"@id\":\"https:\\\/\\\/liincstudy.org\\\/es\\\/#website\"},\"primaryImageOfPage\":{\"@id\":\"https:\\\/\\\/liincstudy.org\\\/es\\\/programa-de-imagenes-del-sistema-inmunitario\\\/#primaryimage\"},\"image\":{\"@id\":\"https:\\\/\\\/liincstudy.org\\\/es\\\/programa-de-imagenes-del-sistema-inmunitario\\\/#primaryimage\"},\"thumbnailUrl\":\"https:\\\/\\\/liincstudy.org\\\/wp-content\\\/uploads\\\/2024\\\/06\\\/F-AraG-PET-CT-MIP-All-1348x1600.jpg\",\"datePublished\":\"2024-06-28T23:37:30+00:00\",\"dateModified\":\"2024-07-15T17:01:29+00:00\",\"description\":\"Programa de Im\u00e1genes del Sistema Inmunol\u00f3gico de LIINC El equipo del LIINC utiliza tecnolog\u00eda de imagen avanzada para escanear el cuerpo y descubrir c\u00f3mo\",\"breadcrumb\":{\"@id\":\"https:\\\/\\\/liincstudy.org\\\/es\\\/programa-de-imagenes-del-sistema-inmunitario\\\/#breadcrumb\"},\"inLanguage\":\"es\",\"potentialAction\":[{\"@type\":\"ReadAction\",\"target\":[\"https:\\\/\\\/liincstudy.org\\\/es\\\/programa-de-imagenes-del-sistema-inmunitario\\\/\"]}]},{\"@type\":\"ImageObject\",\"inLanguage\":\"es\",\"@id\":\"https:\\\/\\\/liincstudy.org\\\/es\\\/programa-de-imagenes-del-sistema-inmunitario\\\/#primaryimage\",\"url\":\"https:\\\/\\\/liincstudy.org\\\/wp-content\\\/uploads\\\/2024\\\/06\\\/F-AraG-PET-CT-MIP-All-1348x1600.jpg\",\"contentUrl\":\"https:\\\/\\\/liincstudy.org\\\/wp-content\\\/uploads\\\/2024\\\/06\\\/F-AraG-PET-CT-MIP-All-1348x1600.jpg\"},{\"@type\":\"BreadcrumbList\",\"@id\":\"https:\\\/\\\/liincstudy.org\\\/es\\\/programa-de-imagenes-del-sistema-inmunitario\\\/#breadcrumb\",\"itemListElement\":[{\"@type\":\"ListItem\",\"position\":1,\"name\":\"Home\",\"item\":\"https:\\\/\\\/liincstudy.org\\\/es\\\/\"},{\"@type\":\"ListItem\",\"position\":2,\"name\":\"Programa de im\u00e1genes del sistema inmunitario\"}]},{\"@type\":\"WebSite\",\"@id\":\"https:\\\/\\\/liincstudy.org\\\/es\\\/#website\",\"url\":\"https:\\\/\\\/liincstudy.org\\\/es\\\/\",\"name\":\"Long-term Impact of Infection with Novel Coronavirus\",\"description\":\"Long-term Impact of Infection with Novel Coronavirus\",\"publisher\":{\"@id\":\"https:\\\/\\\/liincstudy.org\\\/es\\\/#organization\"},\"alternateName\":\"LIINC\",\"potentialAction\":[{\"@type\":\"SearchAction\",\"target\":{\"@type\":\"EntryPoint\",\"urlTemplate\":\"https:\\\/\\\/liincstudy.org\\\/es\\\/?s={search_term_string}\"},\"query-input\":{\"@type\":\"PropertyValueSpecification\",\"valueRequired\":true,\"valueName\":\"search_term_string\"}}],\"inLanguage\":\"es\"},{\"@type\":\"Organization\",\"@id\":\"https:\\\/\\\/liincstudy.org\\\/es\\\/#organization\",\"name\":\"Long-term Impact of Infection with Novel Coronavirus\",\"alternateName\":\"LIINC\",\"url\":\"https:\\\/\\\/liincstudy.org\\\/es\\\/\",\"logo\":{\"@type\":\"ImageObject\",\"inLanguage\":\"es\",\"@id\":\"https:\\\/\\\/liincstudy.org\\\/es\\\/#\\\/schema\\\/logo\\\/image\\\/\",\"url\":\"https:\\\/\\\/liincstudy.org\\\/wp-content\\\/uploads\\\/2023\\\/11\\\/liinc-logo-stacked.svg\",\"contentUrl\":\"https:\\\/\\\/liincstudy.org\\\/wp-content\\\/uploads\\\/2023\\\/11\\\/liinc-logo-stacked.svg\",\"width\":129,\"height\":141,\"caption\":\"Long-term Impact of Infection with Novel Coronavirus\"},\"image\":{\"@id\":\"https:\\\/\\\/liincstudy.org\\\/es\\\/#\\\/schema\\\/logo\\\/image\\\/\"}}]}<\/script>\n<!-- \/ Yoast SEO plugin. -->","yoast_head_json":{"title":"Programa de im\u00e1genes del sistema inmunitario - LIINC","description":"Programa de Im\u00e1genes del Sistema Inmunol\u00f3gico de LIINC El equipo del LIINC utiliza tecnolog\u00eda de imagen avanzada para escanear el cuerpo y descubrir c\u00f3mo","robots":{"index":"index","follow":"follow","max-snippet":"max-snippet:-1","max-image-preview":"max-image-preview:large","max-video-preview":"max-video-preview:-1"},"canonical":"https:\/\/liincstudy.org\/es\/programa-de-imagenes-del-sistema-inmunitario\/","og_locale":"es_ES","og_type":"article","og_title":"Programa de im\u00e1genes del sistema inmunitario - LIINC","og_description":"Programa de Im\u00e1genes del Sistema Inmunol\u00f3gico de LIINC El equipo del LIINC utiliza tecnolog\u00eda de imagen avanzada para escanear el cuerpo y descubrir c\u00f3mo","og_url":"https:\/\/liincstudy.org\/es\/programa-de-imagenes-del-sistema-inmunitario\/","og_site_name":"LIINC","article_modified_time":"2024-07-15T17:01:29+00:00","og_image":[{"url":"https:\/\/liincstudy.org\/wp-content\/uploads\/2024\/06\/F-AraG-PET-CT-MIP-All-1348x1600.jpg","type":"","width":"","height":""}],"twitter_card":"summary_large_image","schema":{"@context":"https:\/\/schema.org","@graph":[{"@type":"WebPage","@id":"https:\/\/liincstudy.org\/es\/programa-de-imagenes-del-sistema-inmunitario\/","url":"https:\/\/liincstudy.org\/es\/programa-de-imagenes-del-sistema-inmunitario\/","name":"Programa de im\u00e1genes del sistema inmunitario - LIINC","isPartOf":{"@id":"https:\/\/liincstudy.org\/es\/#website"},"primaryImageOfPage":{"@id":"https:\/\/liincstudy.org\/es\/programa-de-imagenes-del-sistema-inmunitario\/#primaryimage"},"image":{"@id":"https:\/\/liincstudy.org\/es\/programa-de-imagenes-del-sistema-inmunitario\/#primaryimage"},"thumbnailUrl":"https:\/\/liincstudy.org\/wp-content\/uploads\/2024\/06\/F-AraG-PET-CT-MIP-All-1348x1600.jpg","datePublished":"2024-06-28T23:37:30+00:00","dateModified":"2024-07-15T17:01:29+00:00","description":"Programa de Im\u00e1genes del Sistema Inmunol\u00f3gico de LIINC El equipo del LIINC utiliza tecnolog\u00eda de imagen avanzada para escanear el cuerpo y descubrir c\u00f3mo","breadcrumb":{"@id":"https:\/\/liincstudy.org\/es\/programa-de-imagenes-del-sistema-inmunitario\/#breadcrumb"},"inLanguage":"es","potentialAction":[{"@type":"ReadAction","target":["https:\/\/liincstudy.org\/es\/programa-de-imagenes-del-sistema-inmunitario\/"]}]},{"@type":"ImageObject","inLanguage":"es","@id":"https:\/\/liincstudy.org\/es\/programa-de-imagenes-del-sistema-inmunitario\/#primaryimage","url":"https:\/\/liincstudy.org\/wp-content\/uploads\/2024\/06\/F-AraG-PET-CT-MIP-All-1348x1600.jpg","contentUrl":"https:\/\/liincstudy.org\/wp-content\/uploads\/2024\/06\/F-AraG-PET-CT-MIP-All-1348x1600.jpg"},{"@type":"BreadcrumbList","@id":"https:\/\/liincstudy.org\/es\/programa-de-imagenes-del-sistema-inmunitario\/#breadcrumb","itemListElement":[{"@type":"ListItem","position":1,"name":"Home","item":"https:\/\/liincstudy.org\/es\/"},{"@type":"ListItem","position":2,"name":"Programa de im\u00e1genes del sistema inmunitario"}]},{"@type":"WebSite","@id":"https:\/\/liincstudy.org\/es\/#website","url":"https:\/\/liincstudy.org\/es\/","name":"Long-term Impact of Infection with Novel Coronavirus","description":"Long-term Impact of Infection with Novel Coronavirus","publisher":{"@id":"https:\/\/liincstudy.org\/es\/#organization"},"alternateName":"LIINC","potentialAction":[{"@type":"SearchAction","target":{"@type":"EntryPoint","urlTemplate":"https:\/\/liincstudy.org\/es\/?s={search_term_string}"},"query-input":{"@type":"PropertyValueSpecification","valueRequired":true,"valueName":"search_term_string"}}],"inLanguage":"es"},{"@type":"Organization","@id":"https:\/\/liincstudy.org\/es\/#organization","name":"Long-term Impact of Infection with Novel Coronavirus","alternateName":"LIINC","url":"https:\/\/liincstudy.org\/es\/","logo":{"@type":"ImageObject","inLanguage":"es","@id":"https:\/\/liincstudy.org\/es\/#\/schema\/logo\/image\/","url":"https:\/\/liincstudy.org\/wp-content\/uploads\/2023\/11\/liinc-logo-stacked.svg","contentUrl":"https:\/\/liincstudy.org\/wp-content\/uploads\/2023\/11\/liinc-logo-stacked.svg","width":129,"height":141,"caption":"Long-term Impact of Infection with Novel Coronavirus"},"image":{"@id":"https:\/\/liincstudy.org\/es\/#\/schema\/logo\/image\/"}}]}},"_links":{"self":[{"href":"https:\/\/liincstudy.org\/es\/wp-json\/wp\/v2\/pages\/25176","targetHints":{"allow":["GET"]}}],"collection":[{"href":"https:\/\/liincstudy.org\/es\/wp-json\/wp\/v2\/pages"}],"about":[{"href":"https:\/\/liincstudy.org\/es\/wp-json\/wp\/v2\/types\/page"}],"author":[{"embeddable":true,"href":"https:\/\/liincstudy.org\/es\/wp-json\/wp\/v2\/users\/2"}],"replies":[{"embeddable":true,"href":"https:\/\/liincstudy.org\/es\/wp-json\/wp\/v2\/comments?post=25176"}],"version-history":[{"count":0,"href":"https:\/\/liincstudy.org\/es\/wp-json\/wp\/v2\/pages\/25176\/revisions"}],"wp:attachment":[{"href":"https:\/\/liincstudy.org\/es\/wp-json\/wp\/v2\/media?parent=25176"}],"curies":[{"name":"wp","href":"https:\/\/api.w.org\/{rel}","templated":true}]}}